{"id":1718,"date":"2022-09-30T15:41:22","date_gmt":"2022-09-30T15:41:22","guid":{"rendered":"https:\/\/gnursesim.eu\/symulacje-wysokiej-wiernosci\/"},"modified":"2023-04-11T06:14:00","modified_gmt":"2023-04-11T06:14:00","slug":"symulacje-wysokiej-wiernosci","status":"publish","type":"page","link":"https:\/\/gnursesim.eu\/pl\/home\/symulacje-wysokiej-wiernosci\/","title":{"rendered":"Kurs e-learningowy z mi\u0119dzykulturowego piel\u0119gniarstwa geriatrycznego"},"content":{"rendered":"<section  class='av_textblock_section av-l6q3sqxn-b9ec3f92da11d681c7699e0cdcc3383c '   itemscope=\"itemscope\" itemtype=\"https:\/\/schema.org\/CreativeWork\" ><div class='avia_textblock'  itemprop=\"text\" ><p>Obecnie Europa do\u015bwiadcza zmian demograficznych, poniewa\u017c populacje przemieszczaj\u0105 si\u0119 znacznie cz\u0119\u015bciej ni\u017c kiedykolwiek i w zwi\u0105zku z tym przewiduje si\u0119, \u017ce w niedalekiej przysz\u0142o\u015bci liczba os\u00f3b starszych drastycznie wzro\u015bnie. Zjawiska spo\u0142eczne, demograficzne i kulturowe maj\u0105 ogromny wp\u0142yw na organizacje zdrowia w poszczeg\u00f3lnych krajach, dlatego edukacja i kompetencje w zawodach medycznych powinny by\u0107 dostosowane do kontekstu europejskiego. Zapewnienie osobom ucz\u0105cym si\u0119 mo\u017cliwo\u015bci opieki nad pacjentem nie tylko z perspektywy klinicznej, ale tak\u017ce spo\u0142ecznej i kulturowej z uwzgl\u0119dnieniem ich pochodzenia kulturowego rozumianego jako: r\u00f3\u017cnorodne dziedzictwo etniczne, role p\u0142ciowe, cechy kulturowe, warto\u015bci, tradycje, sposoby post\u0119powania, styl \u017cycia i przekonania religijne ma kluczowe znaczenie przygotowaniu ich do reali\u00f3w kariery zawodowej zw\u0142aszcza w Unii Europejskiej, gdzie promuje si\u0119 mobilno\u015b\u0107 zar\u00f3wno student\u00f3w, jak i specjalist\u00f3w.<\/p>\n<p>Z drugiej strony <strong>symulacje wysokiej wierno\u015bci<\/strong> w opiece zdrowotnej (z ang. High Fidelity Healthcare Simulation) to skuteczne narz\u0119dzie stosowane w edukacji piel\u0119gniarskiej, kt\u00f3re pozwala uczniom z r\u00f3\u017cnych kraj\u00f3w i kultur opanowa\u0107 zasady zar\u00f3wno opieki piel\u0119gniarskiej (w tym opieki kulturowo kompetentnej), jak i wszelkich niezb\u0119dnych umiej\u0119tno\u015bci. Ten rodzaj symulacji pozwala uczniom na kontakt z inn\u0105 rzeczywisto\u015bci\u0105 kulturow\u0105, gdy mobilno\u015b\u0107 nie jest ani zalecana, ani zakazana. Symulacja ta mo\u017ce przyczyni\u0107 si\u0119 do przezwyci\u0119\u017cenia potencjalnych ogranicze\u0144 mobilno\u015bci oraz izolacji takich jak te, kt\u00f3re pojawi\u0142y si\u0119 niedawno w wyniku pandemii Coronavirusa, czy te\u017c konflikt\u00f3w politycznyc.<\/p>\n<p>Zgodnie z tym przedstawiamy liczne scenariusze symulacji o wysokiej wierno\u015bci, kt\u00f3re mog\u0105 przynie\u015b\u0107 korzy\u015bci programom symulacji opieki piel\u0119gniarskiej w geriatrii (z ang. Geriatric Nursing Care Simulation) poprzez zapewnienie dodatkowych szkole\u0144 realizuj\u0105cych rzeczywiste scenariusze z r\u00f3\u017cnych kultur w kontrolowanych i nie zagra\u017caj\u0105cych \u015brodowisku naturalnemu warunkach z uwagi na wysok\u0105 wierno\u015b\u0107 tych\u017ce symulacji.<\/p>\n<p>G\u0142\u00f3wnym za\u0142o\u017ceniem Partnerstwa Projektowego GNurseSim (z ang. GNurseSim Project Partnership) jest to, \u017ce dzi\u0119ki wykorzystaniu symulacji opieki zdrowotnej w kszta\u0142ceniu i szkoleniu w zakresie kompetencji kulturowych, dowody badawcze s\u0105 niezwykle jasne, <strong>poniewa\u017c istnieje potencja\u0142 stosowania symulacji pacjenta o wysokiej wierno\u015bci jako skutecznej strategii nauczania w treningu kompetencji kulturowych.<\/strong><\/p>\n<p>W tym oto zakresie studenci piel\u0119gniarstwa <strong>maj\u0105 za zadanie zapewni\u0107 opiek\u0119 specyficzn\u0105 dla danej kultury w bie\u017c\u0105cych sytuacjach do\u015bwiadczanych przez populacj\u0119<\/strong> os\u00f3b starszych pod wzgl\u0119dem opieki zdrowotnej reprezentuj\u0105cej r\u00f3\u017cnorodno\u015b\u0107 etniczn\u0105, j\u0119zykow\u0105, status spo\u0142eczno-ekonomiczny, religi\u0119, p\u0142e\u0107, orientacj\u0119 seksualn\u0105, histori\u0119 imigracji i styl \u017cycia, a tak\u017ce cz\u0119sto brak pewno\u015bci siebie (poczucia w\u0142asnej skuteczno\u015bci) w swojej wiedzy, umiej\u0119tno\u015bciach i zdolno\u015bciach. Dotyczy to r\u00f3wnie\u017c dostrzegania podobie\u0144stw i r\u00f3\u017cnic mi\u0119dzy \u015brodowiskami kulturowymi.<\/p>\n<\/div><\/section>\n<div  class='avia-slideshow av-l74cd1sj-91cbd9e5bd9634b199bb702396e7bdf5 avia-slideshow-featured av_slideshow avia-slide-slider  avia-builder-el-1  el_after_av_textblock  el_before_av_hr  av-slideshow-ui av-control-default av-slideshow-manual av-loop-once av-loop-manual-endless av-default-height-applied avia-slideshow-1' data-slideshow-options=\"{&quot;animation&quot;:&quot;slide&quot;,&quot;autoplay&quot;:false,&quot;loop_autoplay&quot;:&quot;once&quot;,&quot;interval&quot;:5,&quot;loop_manual&quot;:&quot;manual-endless&quot;,&quot;autoplay_stopper&quot;:false,&quot;noNavigation&quot;:false,&quot;bg_slider&quot;:false,&quot;keep_padding&quot;:false,&quot;hoverpause&quot;:false,&quot;show_slide_delay&quot;:0}\"  itemprop=\"image\" itemscope=\"itemscope\" itemtype=\"https:\/\/schema.org\/ImageObject\" ><ul class='avia-slideshow-inner ' style='padding-bottom: 28.666666666667%;'><li  class='avia-slideshow-slide av-l74cd1sj-91cbd9e5bd9634b199bb702396e7bdf5__0  av-single-slide slide-1 slide-odd'><div data-rel='slideshow-1' class='avia-slide-wrap '   ><img fetchpriority=\"high\" fetchpriority=\"high\" decoding=\"async\" fetchpriority=\"high\" class=\"wp-image-1180 avia-img-lazy-loading-not-1180\"  src=\"https:\/\/gnursesim.eu\/wp-content\/uploads\/sites\/42\/2022\/08\/GnurseSIM-banner-1500x430.jpg\" width=\"1500\" height=\"430\" title='GnurseSIM-banner' alt=''  itemprop=\"thumbnailUrl\"   \/><\/div><\/li><\/ul><\/div>\n<div  class='hr av-ekbyd-108ac30422292330fffccb4af48b929d hr-default  avia-builder-el-2  el_after_av_slideshow  el_before_av_content_slider '><span class='hr-inner '><span class=\"hr-inner-style\"><\/span><\/span><\/div>\n\n<style type=\"text\/css\" data-created_by=\"avia_inline_auto\" id=\"style-css-av-l6q2w148-8a33603901f615a7b1f9823d47bc02a4\">\n#top .av-slideshow-ui.av-l6q2w148-8a33603901f615a7b1f9823d47bc02a4 .avia-slideshow-arrows a{\ncolor:#5f8789;\n}\n.avia-content-slider-element-container.av-l6q2w148-8a33603901f615a7b1f9823d47bc02a4 .slide-entry{\nbox-shadow: 0px 0px 0px 0px #dbdbdb;\nmargin:10px 10px 10px 10px;\npadding:0 0 0 0;\n}\n<\/style>\n<div  class='avia-content-slider-element-container av-l6q2w148-8a33603901f615a7b1f9823d47bc02a4 avia-content-slider-element-slider avia-content-slider avia-smallarrow-slider avia-content-slider-active avia-content-slider-odd  avia-builder-el-3  el_after_av_hr  el_before_av_hr  av-slideshow-ui av-control-default av-nav-arrows-visible av-nav-dots-visible av-no-slider-navigation av-slideshow-manual av-loop-once av-loop-manual-endless avia-content-slider1' data-slideshow-options=\"{&quot;animation&quot;:&quot;slide&quot;,&quot;autoplay&quot;:false,&quot;loop_autoplay&quot;:&quot;once&quot;,&quot;interval&quot;:5,&quot;loop_manual&quot;:&quot;manual-endless&quot;,&quot;autoplay_stopper&quot;:false,&quot;noNavigation&quot;:false,&quot;bg_slider&quot;:false,&quot;keep_padding&quot;:&quot;&quot;,&quot;hoverpause&quot;:false,&quot;show_slide_delay&quot;:30}\"><div class='avia-smallarrow-slider-heading '><div class='new-special-heading'><h3 class=''>SCENARIUSZE SYMULACJI<\/h3><\/div><div class='avia-slideshow-arrows avia-slideshow-controls' ><a href='#prev' class='prev-slide ' aria-hidden='true' data-av_icon='\ue87c' data-av_iconfont='entypo-fontello'  tabindex='-1'>Previous<\/a><a href='#next' class='next-slide ' aria-hidden='true' data-av_icon='\ue87d' data-av_iconfont='entypo-fontello'  tabindex='-1'>Next<\/a><\/div><\/div><div class=\"avia-content-slider-inner\"><div class=\"slide-entry-wrap\"><section class='slide-entry av-l6q2vc2k-c82259f39b1d68e461567798ba1da4b7 flex_column av_one_third post-entry slide-entry-overview slide-loop-1 slide-parity-odd  first'  itemscope=\"itemscope\" itemtype=\"https:\/\/schema.org\/CreativeWork\" ><h3 class='slide-entry-title entry-title '  itemprop=\"headline\" >Finlandia<\/h3><div class='slide-entry-excerpt entry-content'  itemprop=\"text\" ><ul>\n<li><a href=\"https:\/\/gnursesim.eu\/pl\/symulacje-wysokiej-wiernosci\/1_proaktywna-opieka-domowa\/\">No. 1 Proaktywna opieka domowa<\/a><\/li>\n<li><a href=\"https:\/\/gnursesim.eu\/pl\/symulacje-wysokiej-wiernosci\/2_radzenie-sobie-z-samotnoscia\/\">No. 2 Radzenie sobie z samotno\u015bci\u0105<\/a><\/li>\n<li><a href=\"https:\/\/gnursesim.eu\/pl\/symulacje-wysokiej-wiernosci\/3_-zapewnienie-bezpieczenstwa-w-domu\/\">No. 3 Zapewnienie bezpiecze\u0144stwa w domu<\/a><\/li>\n<li><a href=\"https:\/\/gnursesim.eu\/pl\/symulacje-wysokiej-wiernosci\/4_planowanie-zycia-wspomaganego\/\">No. 4 Planowanie \u017cycia wspomaganego<\/a><\/li>\n<li><a href=\"https:\/\/gnursesim.eu\/pl\/symulacje-wysokiej-wiernosci\/5_zapewnienie-samostanowienia\/\">No. 5 Zapewnienie samostanowienia<\/a><\/li>\n<li><a href=\"https:\/\/gnursesim.eu\/pl\/symulacje-wysokiej-wiernosci\/16_zapobieganie-upadkom-1\/\">No. 16 Zapobieganie upadkom 1<\/a><\/li>\n<li><a href=\"https:\/\/gnursesim.eu\/pl\/symulacje-wysokiej-wiernosci\/17_zapobieganie-upadkom-2\/\">No. 17 Zapobieganie upadkom 2<\/a><\/li>\n<li><a href=\"https:\/\/gnursesim.eu\/pl\/symulacje-wysokiej-wiernosci\/18_rehabilitacja-w-zaburzeniach-pamieci\/\">No. 18 Rehabilitacja w zaburzeniach pami\u0119ci<\/a><\/li>\n<li><a href=\"https:\/\/gnursesim.eu\/pl\/symulacje-wysokiej-wiernosci\/19_wskazowki-dotyczace-czynnosci-zycia-codziennego\/\">No. 19 Wskaz\u00f3wki dotycz\u0105ce czynno\u015bci \u017cycia codziennego<\/a><\/li>\n<li><a href=\"https:\/\/gnursesim.eu\/pl\/symulacje-wysokiej-wiernosci\/20_zapobieganie-upadkom-3\/\">No. 20 Zapobieganie upadkom 3<\/a><\/li>\n<\/ul>\n<\/div><\/section><section class='slide-entry av-l6q2vi9d-b64d3c42a344ae719ee39d82561a17c6 flex_column av_one_third post-entry slide-entry-overview slide-loop-2 slide-parity-even  '  itemscope=\"itemscope\" itemtype=\"https:\/\/schema.org\/CreativeWork\" ><h3 class='slide-entry-title entry-title '  itemprop=\"headline\" >Zjednoczone Kr\u00f3lestwo<\/h3><div class='slide-entry-excerpt entry-content'  itemprop=\"text\" ><ul>\n<li><a href=\"https:\/\/gnursesim.eu\/pl\/symulacje-wysokiej-wiernosci\/6_brakujace-aspekty-opieki-1\/\">No. 6 Brakuj\u0105ce aspekty opieki 1<\/a><\/li>\n<li><a href=\"https:\/\/gnursesim.eu\/pl\/symulacje-wysokiej-wiernosci\/7_brakujace-aspekty-opieki-2\/\">No. 7 Brakuj\u0105ce aspekty opieki 2<\/a><\/li>\n<li><a href=\"https:\/\/gnursesim.eu\/pl\/symulacje-wysokiej-wiernosci\/8_brakujace-aspekty-opieki-3\/\">No. 8 Brakuj\u0105ce aspekty opieki 3<\/a><\/li>\n<li><a href=\"https:\/\/gnursesim.eu\/pl\/symulacje-wysokiej-wiernosci\/9_brakujace-aspekty-opieki-4\/\">No. 9 Brakuj\u0105ce aspekty opieki 4<\/a><\/li>\n<li><a href=\"https:\/\/gnursesim.eu\/pl\/symulacje-wysokiej-wiernosci\/10_brakujace-aspekty-opieki-5\/\">No. 10 Brakuj\u0105ce aspekty opieki 5<\/a><\/li>\n<\/ul>\n<\/div><\/section><section class='slide-entry av-l6q2vsao-d1e086234a1df351df41b635509be62e flex_column av_one_third post-entry slide-entry-overview slide-loop-3 slide-parity-odd  '  itemscope=\"itemscope\" itemtype=\"https:\/\/schema.org\/CreativeWork\" ><h3 class='slide-entry-title entry-title '  itemprop=\"headline\" >Malta<\/h3><div class='slide-entry-excerpt entry-content'  itemprop=\"text\" ><ul>\n<li><a href=\"https:\/\/gnursesim.eu\/pl\/symulacje-wysokiej-wiernosci\/11_leczenie-ran\/\">No. 11 Ocena rany i wdro\u017cenie odpowiednich dzia\u0142a\u0144<\/a><\/li>\n<li><a href=\"https:\/\/gnursesim.eu\/pl\/symulacje-wysokiej-wiernosci\/12_uzyskanie-swiadomej-zgody\/\">No. 12 Uzyskanie \u015bwiadomej zgody<\/a><\/li>\n<li><a href=\"https:\/\/gnursesim.eu\/pl\/symulacje-wysokiej-wiernosci\/13_ocena-konca-zycia-i-radzenie-sobie-ze-smiercia\/\">No. 13 Ocena ko\u0144ca \u017cycia i radzenie sobie ze \u015bmierci\u0105<\/a><\/li>\n<li><a href=\"https:\/\/gnursesim.eu\/pl\/symulacje-wysokiej-wiernosci\/14_ocena-i-leczenie-demencji\/\">No. 14 Ocena i leczenie demencji<\/a><\/li>\n<li><a href=\"https:\/\/gnursesim.eu\/pl\/symulacje-wysokiej-wiernosci\/15_ocena-udaru\/\">No. 15 Ocena udaru<\/a><\/li>\n<\/ul>\n<\/div><\/section><\/div><div class=\"slide-entry-wrap\"><section class='slide-entry av-l6q2w088-8c2728ad8168906e62dfae412d3a4465 flex_column av_one_third post-entry slide-entry-overview slide-loop-4 slide-parity-odd  first'  itemscope=\"itemscope\" itemtype=\"https:\/\/schema.org\/CreativeWork\" ><h3 class='slide-entry-title entry-title '  itemprop=\"headline\" >Polska<\/h3><div class='slide-entry-excerpt entry-content'  itemprop=\"text\" ><ul>\n<li><a href=\"https:\/\/gnursesim.eu\/pl\/symulacje-wysokiej-wiernosci\/21_ocena-nawodnienia\/\">No. 21 Ocena nawodnienia<\/a><\/li>\n<li><a href=\"https:\/\/gnursesim.eu\/pl\/symulacje-wysokiej-wiernosci\/22_ocena-odzywienia\/\">No. 22 Ocena od\u017cywienia<\/a><\/li>\n<li><a href=\"https:\/\/gnursesim.eu\/pl\/symulacje-wysokiej-wiernosci\/23_wskazowki-dotyczace-nawodnienia\/\">No. 23 Wskaz\u00f3wki dotycz\u0105ce nawodnienia<\/a><\/li>\n<li><a href=\"https:\/\/gnursesim.eu\/pl\/symulacje-wysokiej-wiernosci\/24_srodowisko-zorientowane-na-pacjenta\/\">No. 24 \u015arodowisko zorientowane na pacjenta<\/a><\/li>\n<li><a href=\"https:\/\/gnursesim.eu\/pl\/symulacje-wysokiej-wiernosci\/25_radzenie-sobie-w-ostatnich-godzinach-zycia-osoby-starszej\/\">No. 25 Radzenie sobie w ostatnich godzinach \u017cycia osoby starszej<\/a><\/li>\n<\/ul>\n<\/div><\/section><section class='slide-entry av-l6q31gt2-b2f371afd558f73820bebbe46982de96 flex_column av_one_third post-entry slide-entry-overview slide-loop-5 slide-parity-even  post-entry-last  '  itemscope=\"itemscope\" itemtype=\"https:\/\/schema.org\/CreativeWork\" ><h3 class='slide-entry-title entry-title '  itemprop=\"headline\" >Hiszpania<\/h3><div class='slide-entry-excerpt entry-content'  itemprop=\"text\" ><ul>\n<li><a href=\"https:\/\/gnursesim.eu\/pl\/symulacje-wysokiej-wiernosci\/26_wczesne-wykrywanie-chorob-psychicznych\/\">No. 26 Wczesne wykrywanie chor\u00f3b psychicznych<\/a><\/li>\n<li><a href=\"https:\/\/gnursesim.eu\/pl\/symulacje-wysokiej-wiernosci\/27_miedzybranzowe-podejscie-do-bezpieczenstwa-1\/\">No. 27 Mi\u0119dzybran\u017cowe podej\u015bcie do bezpiecze\u0144stwa 1<\/a><\/li>\n<li><a href=\"https:\/\/gnursesim.eu\/pl\/symulacje-wysokiej-wiernosci\/28_miedzyzawodowa-opieka-farmaceutyczna\/\">No. 28 Mi\u0119dzyzawodowa opieka farmaceutyczna<\/a><\/li>\n<li><a href=\"https:\/\/gnursesim.eu\/pl\/symulacje-wysokiej-wiernosci\/29_wspolczujaca-opieka\/\">No. 29 Wsp\u00f3\u0142czuj\u0105ca opieka <\/a><\/li>\n<li><a href=\"https:\/\/gnursesim.eu\/pl\/symulacje-wysokiej-wiernosci\/30_miedzybranzowe-podejscie-do-bezpieczenstwa-2\/\">No. 30 Mi\u0119dzybran\u017cowe podej\u015bcie do bezpiecze\u0144stwa 2<\/a><\/li>\n<\/ul>\n<\/div><\/section><\/div><\/div><\/div>\n<div  class='hr av-bcc11-192eaa93a3abcd9e8f9cb87e8611ac82 hr-default  avia-builder-el-4  el_after_av_content_slider  el_before_av_icon_box '><span class='hr-inner '><span class=\"hr-inner-style\"><\/span><\/span><\/div>\n<article  class='iconbox iconbox_left av-l6q3zbpz-9b7b2d684e0da73a23a3896b1bdbcbde  avia-builder-el-5  el_after_av_hr  avia-builder-el-last '  itemscope=\"itemscope\" itemtype=\"https:\/\/schema.org\/CreativeWork\" ><div class=\"iconbox_content\"><header class=\"entry-content-header\" aria-label=\"Icon: Wi\u0119cej zasob\u00f3w\"><div class=\"iconbox_icon heading-color\" aria-hidden='true' data-av_icon='\ue817' data-av_iconfont='entypo-fontello'><\/div><h3 class='iconbox_content_title '  itemprop=\"headline\" >Wi\u0119cej zasob\u00f3w<\/h3><\/header><div class='iconbox_content_container '  itemprop=\"text\" ><ul>\n<li><a href=\"http:\/\/europeantransculturalnurses.eu\/\">European Transcultural Nurses Association<\/a><\/li>\n<li><a href=\"https:\/\/tcns.org\/\">Transcultural Nursing Society<\/a><\/li>\n<li><a href=\"https:\/\/nccc.georgetown.edu\/curricula\/culturalcompetence.html\">National Center for Cultural Competence at Georgetown University<\/a><\/li>\n<li>Purnell Model: Purnell, L. D. (2014). Guide to culturally competent health care. FA Davis.<\/li>\n<li>European Commission funded project <a href=\"https:\/\/benefits.hku.edu.tr\/\">BENEFITS<\/a><\/li>\n<li>Pacquiao, D., &amp; Purnell, L. (Eds.). (2018). Global applications of culturally competent health care: guidelines for practice. Springer International Publishing.<\/li>\n<\/ul>\n<\/div><\/div><footer class=\"entry-footer\"><\/footer><\/article>\n","protected":false},"excerpt":{"rendered":"","protected":false},"author":1687,"featured_media":0,"parent":4095,"menu_order":0,"comment_status":"closed","ping_status":"closed","template":"","meta":{"footnotes":""},"class_list":["post-1718","page","type-page","status-publish","hentry"],"yoast_head":"<!-- This site is optimized with the Yoast SEO plugin v27.5 - https:\/\/yoast.com\/product\/yoast-seo-wordpress\/ -->\n<title>Kurs e-learningowy z mi\u0119dzykulturowego piel\u0119gniarstwa geriatrycznego - GNurseSim<\/title>\n<meta name=\"robots\" content=\"index, follow, max-snippet:-1, max-image-preview:large, max-video-preview:-1\" \/>\n<link rel=\"canonical\" href=\"https:\/\/gnursesim.eu\/pl\/symulacje-wysokiej-wiernosci\/\" \/>\n<meta property=\"og:locale\" content=\"pl_PL\" \/>\n<meta property=\"og:type\" content=\"article\" \/>\n<meta property=\"og:title\" content=\"Kurs e-learningowy z mi\u0119dzykulturowego piel\u0119gniarstwa geriatrycznego - GNurseSim\" \/>\n<meta property=\"og:url\" content=\"https:\/\/gnursesim.eu\/pl\/symulacje-wysokiej-wiernosci\/\" \/>\n<meta property=\"og:site_name\" content=\"GNurseSim\" \/>\n<meta property=\"article:publisher\" content=\"https:\/\/www.facebook.com\/knowledgeinno\/\" \/>\n<meta property=\"article:modified_time\" content=\"2023-04-11T06:14:00+00:00\" \/>\n<meta name=\"twitter:card\" content=\"summary_large_image\" \/>\n<meta name=\"twitter:site\" content=\"@kiceurope\" \/>\n<meta name=\"twitter:label1\" content=\"Szacowany czas czytania\" \/>\n\t<meta name=\"twitter:data1\" content=\"7 minut\" \/>\n<script type=\"application\/ld+json\" class=\"yoast-schema-graph\">{\"@context\":\"https:\\\/\\\/schema.org\",\"@graph\":[{\"@type\":\"WebPage\",\"@id\":\"https:\\\/\\\/gnursesim.eu\\\/pl\\\/symulacje-wysokiej-wiernosci\\\/\",\"url\":\"https:\\\/\\\/gnursesim.eu\\\/pl\\\/symulacje-wysokiej-wiernosci\\\/\",\"name\":\"Kurs e-learningowy z mi\u0119dzykulturowego piel\u0119gniarstwa geriatrycznego - GNurseSim\",\"isPartOf\":{\"@id\":\"https:\\\/\\\/gnursesim.eu\\\/#website\"},\"datePublished\":\"2022-09-30T15:41:22+00:00\",\"dateModified\":\"2023-04-11T06:14:00+00:00\",\"breadcrumb\":{\"@id\":\"https:\\\/\\\/gnursesim.eu\\\/pl\\\/symulacje-wysokiej-wiernosci\\\/#breadcrumb\"},\"inLanguage\":\"pl-PL\",\"potentialAction\":[{\"@type\":\"ReadAction\",\"target\":[\"https:\\\/\\\/gnursesim.eu\\\/pl\\\/symulacje-wysokiej-wiernosci\\\/\"]}]},{\"@type\":\"BreadcrumbList\",\"@id\":\"https:\\\/\\\/gnursesim.eu\\\/pl\\\/symulacje-wysokiej-wiernosci\\\/#breadcrumb\",\"itemListElement\":[{\"@type\":\"ListItem\",\"position\":1,\"name\":\"Home\",\"item\":\"https:\\\/\\\/gnursesim.eu\\\/pl\\\/home\\\/\"},{\"@type\":\"ListItem\",\"position\":2,\"name\":\"Kurs e-learningowy z mi\u0119dzykulturowego piel\u0119gniarstwa geriatrycznego\"}]},{\"@type\":\"WebSite\",\"@id\":\"https:\\\/\\\/gnursesim.eu\\\/#website\",\"url\":\"https:\\\/\\\/gnursesim.eu\\\/\",\"name\":\"GNurseSim\",\"description\":\"Simulating the Future of Inclusive Geriatric care\",\"potentialAction\":[{\"@type\":\"SearchAction\",\"target\":{\"@type\":\"EntryPoint\",\"urlTemplate\":\"https:\\\/\\\/gnursesim.eu\\\/?s={search_term_string}\"},\"query-input\":{\"@type\":\"PropertyValueSpecification\",\"valueRequired\":true,\"valueName\":\"search_term_string\"}}],\"inLanguage\":\"pl-PL\"}]}<\/script>\n<!-- \/ Yoast SEO plugin. -->","yoast_head_json":{"title":"Kurs e-learningowy z mi\u0119dzykulturowego piel\u0119gniarstwa geriatrycznego - GNurseSim","robots":{"index":"index","follow":"follow","max-snippet":"max-snippet:-1","max-image-preview":"max-image-preview:large","max-video-preview":"max-video-preview:-1"},"canonical":"https:\/\/gnursesim.eu\/pl\/symulacje-wysokiej-wiernosci\/","og_locale":"pl_PL","og_type":"article","og_title":"Kurs e-learningowy z mi\u0119dzykulturowego piel\u0119gniarstwa geriatrycznego - GNurseSim","og_url":"https:\/\/gnursesim.eu\/pl\/symulacje-wysokiej-wiernosci\/","og_site_name":"GNurseSim","article_publisher":"https:\/\/www.facebook.com\/knowledgeinno\/","article_modified_time":"2023-04-11T06:14:00+00:00","twitter_card":"summary_large_image","twitter_site":"@kiceurope","twitter_misc":{"Szacowany czas czytania":"7 minut"},"schema":{"@context":"https:\/\/schema.org","@graph":[{"@type":"WebPage","@id":"https:\/\/gnursesim.eu\/pl\/symulacje-wysokiej-wiernosci\/","url":"https:\/\/gnursesim.eu\/pl\/symulacje-wysokiej-wiernosci\/","name":"Kurs e-learningowy z mi\u0119dzykulturowego piel\u0119gniarstwa geriatrycznego - GNurseSim","isPartOf":{"@id":"https:\/\/gnursesim.eu\/#website"},"datePublished":"2022-09-30T15:41:22+00:00","dateModified":"2023-04-11T06:14:00+00:00","breadcrumb":{"@id":"https:\/\/gnursesim.eu\/pl\/symulacje-wysokiej-wiernosci\/#breadcrumb"},"inLanguage":"pl-PL","potentialAction":[{"@type":"ReadAction","target":["https:\/\/gnursesim.eu\/pl\/symulacje-wysokiej-wiernosci\/"]}]},{"@type":"BreadcrumbList","@id":"https:\/\/gnursesim.eu\/pl\/symulacje-wysokiej-wiernosci\/#breadcrumb","itemListElement":[{"@type":"ListItem","position":1,"name":"Home","item":"https:\/\/gnursesim.eu\/pl\/home\/"},{"@type":"ListItem","position":2,"name":"Kurs e-learningowy z mi\u0119dzykulturowego piel\u0119gniarstwa geriatrycznego"}]},{"@type":"WebSite","@id":"https:\/\/gnursesim.eu\/#website","url":"https:\/\/gnursesim.eu\/","name":"GNurseSim","description":"Simulating the Future of Inclusive Geriatric care","potentialAction":[{"@type":"SearchAction","target":{"@type":"EntryPoint","urlTemplate":"https:\/\/gnursesim.eu\/?s={search_term_string}"},"query-input":{"@type":"PropertyValueSpecification","valueRequired":true,"valueName":"search_term_string"}}],"inLanguage":"pl-PL"}]}},"_links":{"self":[{"href":"https:\/\/gnursesim.eu\/pl\/wp-json\/wp\/v2\/pages\/1718","targetHints":{"allow":["GET"]}}],"collection":[{"href":"https:\/\/gnursesim.eu\/pl\/wp-json\/wp\/v2\/pages"}],"about":[{"href":"https:\/\/gnursesim.eu\/pl\/wp-json\/wp\/v2\/types\/page"}],"author":[{"embeddable":true,"href":"https:\/\/gnursesim.eu\/pl\/wp-json\/wp\/v2\/users\/1687"}],"replies":[{"embeddable":true,"href":"https:\/\/gnursesim.eu\/pl\/wp-json\/wp\/v2\/comments?post=1718"}],"version-history":[{"count":0,"href":"https:\/\/gnursesim.eu\/pl\/wp-json\/wp\/v2\/pages\/1718\/revisions"}],"up":[{"embeddable":true,"href":"https:\/\/gnursesim.eu\/pl\/wp-json\/wp\/v2\/pages\/4095"}],"wp:attachment":[{"href":"https:\/\/gnursesim.eu\/pl\/wp-json\/wp\/v2\/media?parent=1718"}],"curies":[{"name":"wp","href":"https:\/\/api.w.org\/{rel}","templated":true}]}}