{"id":4062,"date":"2023-05-31T10:04:25","date_gmt":"2023-05-31T10:04:25","guid":{"rendered":"https:\/\/gnursesim.eu\/hanke\/"},"modified":"2023-05-31T10:04:26","modified_gmt":"2023-05-31T10:04:26","slug":"hanke","status":"publish","type":"page","link":"https:\/\/gnursesim.eu\/fi\/hanke\/","title":{"rendered":"HANKE"},"content":{"rendered":"\n<style type=\"text\/css\" data-created_by=\"avia_inline_auto\" id=\"style-css-av-jht6nq5t-adb9db3f72f1cf40ed0e75684242a724\">\n.avia-section.av-jht6nq5t-adb9db3f72f1cf40ed0e75684242a724{\nbackground-color:#cccccc;\nbackground-image:unset;\n}\n.avia-section.av-jht6nq5t-adb9db3f72f1cf40ed0e75684242a724 .av-section-color-overlay{\nopacity:0.5;\nbackground-image:url(https:\/\/gnursesim.eu\/wp-content\/themes\/enfold\/images\/background-images\/grain_top.png);\nbackground-repeat:repeat;\n}\n<\/style>\n<div id='av_section_1'  class='avia-section av-jht6nq5t-adb9db3f72f1cf40ed0e75684242a724 main_color avia-section-huge avia-no-border-styling  avia-builder-el-0  el_before_av_section  avia-builder-el-first  avia-bg-style-scroll av-section-color-overlay-active av-minimum-height av-minimum-height-75 av-height-75  container_wrap fullsize'   data-av_minimum_height_pc='75' data-av_min_height_opt='75'><div class=\"av-section-color-overlay-wrap\"><div class=\"av-section-color-overlay\"><\/div><div class='container av-section-cont-open' ><main  role=\"main\" itemprop=\"mainContentOfPage\"  class='template-page content  av-content-full alpha units'><div class='post-entry post-entry-type-page post-entry-4062'><div class='entry-content-wrapper clearfix'>\n\n<style type=\"text\/css\" data-created_by=\"avia_inline_auto\" id=\"style-css-av-kbp8qli6-5e993253a90a69ec84ae507271fcb846\">\n#top .av-special-heading.av-kbp8qli6-5e993253a90a69ec84ae507271fcb846{\npadding-bottom:10px;\ncolor:#5f8789;\nfont-size:45px;\n}\nbody .av-special-heading.av-kbp8qli6-5e993253a90a69ec84ae507271fcb846 .av-special-heading-tag .heading-char{\nfont-size:25px;\n}\n#top #wrap_all .av-special-heading.av-kbp8qli6-5e993253a90a69ec84ae507271fcb846 .av-special-heading-tag{\nfont-size:45px;\n}\n.av-special-heading.av-kbp8qli6-5e993253a90a69ec84ae507271fcb846 .special-heading-inner-border{\nborder-color:#5f8789;\n}\n.av-special-heading.av-kbp8qli6-5e993253a90a69ec84ae507271fcb846 .av-subheading{\nfont-size:30px;\n}\n\n@media only screen and (min-width: 480px) and (max-width: 767px){ \n#top #wrap_all .av-special-heading.av-kbp8qli6-5e993253a90a69ec84ae507271fcb846 .av-special-heading-tag{\nfont-size:0.8em;\n}\n}\n\n@media only screen and (max-width: 479px){ \n#top #wrap_all .av-special-heading.av-kbp8qli6-5e993253a90a69ec84ae507271fcb846 .av-special-heading-tag{\nfont-size:0.8em;\n}\n}\n<\/style>\n<div  class='av-special-heading av-kbp8qli6-5e993253a90a69ec84ae507271fcb846 av-special-heading-h1 custom-color-heading blockquote modern-quote modern-centered  avia-builder-el-1  avia-builder-el-no-sibling  text-header-wrapper av-inherit-size av-linked-heading'><h1 class='av-special-heading-tag '  itemprop=\"headline\"  >HANKE GNurseSIM<\/h1><div class='av_custom_color av-subheading av-subheading_below'><p>Tausta<\/p>\n<\/div><div class=\"special-heading-border\"><div class=\"special-heading-inner-border\"><\/div><\/div><\/div>\n\n<\/div><\/div><\/main><!-- close content main element --><\/div><\/div><\/div><div id='av_section_2'  class='avia-section av-qet8u-b19b3e375675bd432452acc895e85f8e main_color avia-section-small avia-no-border-styling  avia-builder-el-2  el_after_av_section  avia-builder-el-last  avia-bg-style-scroll container_wrap fullsize'  ><div class='container av-section-cont-open' ><div class='template-page content  av-content-full alpha units'><div class='post-entry post-entry-type-page post-entry-4062'><div class='entry-content-wrapper clearfix'>\n\n<style type=\"text\/css\" data-created_by=\"avia_inline_auto\" id=\"style-css-av-7r03m-a89cf679a26f512623e677ef84535e95\">\n.flex_column.av-7r03m-a89cf679a26f512623e677ef84535e95{\nborder-radius:0px 0px 0px 0px;\npadding:0px 0px 0px 0px;\n}\n<\/style>\n<div  class='flex_column av-7r03m-a89cf679a26f512623e677ef84535e95 av_one_full  avia-builder-el-3  avia-builder-el-no-sibling  first no_margin flex_column_div av-zero-column-padding  '     ><section  class='av_textblock_section av-jht72qnb-4edb281d4a040cf568aeefc9a4c64891 '   itemscope=\"itemscope\" itemtype=\"https:\/\/schema.org\/CreativeWork\" ><div class='avia_textblock av_inherit_color'  itemprop=\"text\" ><p>Maailmanlaajuisesti yli 60-vuotiaiden m\u00e4\u00e4r\u00e4n odotetaan yli kaksinkertaistuvan vuoteen 2050 menness\u00e4. Maailman terveysj\u00e4rjest\u00f6 WHO pit\u00e4\u00e4 ik\u00e4\u00e4ntymiseen liittyvi\u00e4 sairauksia suurena maailmanlaajuisena terveyshaasteena, johon terveydenhuollon on oltava valmis vastaamaan. Monikulttuurisuuden, globalisaation ja ty\u00f6el\u00e4m\u00e4n liikkuvuuden vuoksi on todenn\u00e4k\u00f6ist\u00e4, ett\u00e4 ik\u00e4\u00e4ntyneiden hoitoty\u00f6ss\u00e4 toimii hoitajia, jolla ei ole samoja arvoja, perinteit\u00e4 ja kulttuuritaustaa kuin potilailla.<\/p>\n<p>Pandemian johdosta korkeakouluilla on tarve kehitt\u00e4\u00e4 monimuotoista opiskelijoiden oppimista edist\u00e4v\u00e4\u00e4 verkko-opetusta ja et\u00e4opiskelua. Simulaatio on turvallinen tapa kouluttaa terveydenhuoltohenkil\u00f6st\u00f6\u00e4 tarjoamaan tehokasta hoitoa ik\u00e4\u00e4ntyville ihmisille ja heid\u00e4n perheilleen. Gerontologisen hoitoty\u00f6n opetuksessa k\u00e4ytet\u00e4\u00e4n simulaatio-oppimista, ja on t\u00e4rke\u00e4\u00e4 ett\u00e4 niiss\u00e4 opitaan toteuttamaan kulttuurisensitiivist\u00e4 gerontologista hoitoty\u00f6t\u00e4 huomioiden i\u00e4kk\u00e4iden ihmisten kulttuurinen moninaisuus. .<\/p>\n<p>GNurseSIM-hankkeessa kehitettyjen simulaatioiden sek\u00e4 tuotettujen materiaalien ja suositusten avulla korkeakouluissa voidaan edist\u00e4\u00e4 opiskelijoiden kulttuurisensitiivisen hoitoty\u00f6n oppimista. .<\/p>\n<p>.<\/p>\n<\/div><\/section><\/div>\n\n","protected":false},"excerpt":{"rendered":"","protected":false},"author":5,"featured_media":0,"parent":0,"menu_order":0,"comment_status":"closed","ping_status":"closed","template":"","meta":{"footnotes":""},"class_list":["post-4062","page","type-page","status-publish","hentry"],"yoast_head":"<!-- This site is optimized with the Yoast SEO plugin v27.6 - https:\/\/yoast.com\/product\/yoast-seo-wordpress\/ -->\n<title>HANKE - GNurseSim<\/title>\n<meta name=\"robots\" content=\"index, follow, max-snippet:-1, max-image-preview:large, max-video-preview:-1\" \/>\n<link rel=\"canonical\" href=\"https:\/\/gnursesim.eu\/fi\/hanke\/\" \/>\n<meta property=\"og:locale\" content=\"fi_FI\" \/>\n<meta property=\"og:type\" content=\"article\" \/>\n<meta property=\"og:title\" content=\"HANKE - GNurseSim\" \/>\n<meta property=\"og:url\" content=\"https:\/\/gnursesim.eu\/fi\/hanke\/\" \/>\n<meta property=\"og:site_name\" content=\"GNurseSim\" \/>\n<meta property=\"article:publisher\" content=\"https:\/\/www.facebook.com\/knowledgeinno\/\" \/>\n<meta property=\"article:modified_time\" content=\"2023-05-31T10:04:26+00:00\" \/>\n<meta name=\"twitter:card\" content=\"summary_large_image\" \/>\n<meta name=\"twitter:site\" content=\"@kiceurope\" \/>\n<meta name=\"twitter:label1\" content=\"Arvioitu lukuaika\" \/>\n\t<meta name=\"twitter:data1\" content=\"3 minuuttia\" \/>\n<script type=\"application\/ld+json\" class=\"yoast-schema-graph\">{\"@context\":\"https:\\\/\\\/schema.org\",\"@graph\":[{\"@type\":\"WebPage\",\"@id\":\"https:\\\/\\\/gnursesim.eu\\\/fi\\\/hanke\\\/\",\"url\":\"https:\\\/\\\/gnursesim.eu\\\/fi\\\/hanke\\\/\",\"name\":\"HANKE - GNurseSim\",\"isPartOf\":{\"@id\":\"https:\\\/\\\/gnursesim.eu\\\/#website\"},\"datePublished\":\"2023-05-31T10:04:25+00:00\",\"dateModified\":\"2023-05-31T10:04:26+00:00\",\"breadcrumb\":{\"@id\":\"https:\\\/\\\/gnursesim.eu\\\/fi\\\/hanke\\\/#breadcrumb\"},\"inLanguage\":\"fi\",\"potentialAction\":[{\"@type\":\"ReadAction\",\"target\":[\"https:\\\/\\\/gnursesim.eu\\\/fi\\\/hanke\\\/\"]}]},{\"@type\":\"BreadcrumbList\",\"@id\":\"https:\\\/\\\/gnursesim.eu\\\/fi\\\/hanke\\\/#breadcrumb\",\"itemListElement\":[{\"@type\":\"ListItem\",\"position\":1,\"name\":\"Home\",\"item\":\"https:\\\/\\\/gnursesim.eu\\\/fi\\\/home-2\\\/\"},{\"@type\":\"ListItem\",\"position\":2,\"name\":\"HANKE\"}]},{\"@type\":\"WebSite\",\"@id\":\"https:\\\/\\\/gnursesim.eu\\\/#website\",\"url\":\"https:\\\/\\\/gnursesim.eu\\\/\",\"name\":\"GNurseSim\",\"description\":\"Simulating the Future of Inclusive Geriatric care\",\"potentialAction\":[{\"@type\":\"SearchAction\",\"target\":{\"@type\":\"EntryPoint\",\"urlTemplate\":\"https:\\\/\\\/gnursesim.eu\\\/?s={search_term_string}\"},\"query-input\":{\"@type\":\"PropertyValueSpecification\",\"valueRequired\":true,\"valueName\":\"search_term_string\"}}],\"inLanguage\":\"fi\"}]}<\/script>\n<!-- \/ Yoast SEO plugin. -->","yoast_head_json":{"title":"HANKE - GNurseSim","robots":{"index":"index","follow":"follow","max-snippet":"max-snippet:-1","max-image-preview":"max-image-preview:large","max-video-preview":"max-video-preview:-1"},"canonical":"https:\/\/gnursesim.eu\/fi\/hanke\/","og_locale":"fi_FI","og_type":"article","og_title":"HANKE - GNurseSim","og_url":"https:\/\/gnursesim.eu\/fi\/hanke\/","og_site_name":"GNurseSim","article_publisher":"https:\/\/www.facebook.com\/knowledgeinno\/","article_modified_time":"2023-05-31T10:04:26+00:00","twitter_card":"summary_large_image","twitter_site":"@kiceurope","twitter_misc":{"Arvioitu lukuaika":"3 minuuttia"},"schema":{"@context":"https:\/\/schema.org","@graph":[{"@type":"WebPage","@id":"https:\/\/gnursesim.eu\/fi\/hanke\/","url":"https:\/\/gnursesim.eu\/fi\/hanke\/","name":"HANKE - GNurseSim","isPartOf":{"@id":"https:\/\/gnursesim.eu\/#website"},"datePublished":"2023-05-31T10:04:25+00:00","dateModified":"2023-05-31T10:04:26+00:00","breadcrumb":{"@id":"https:\/\/gnursesim.eu\/fi\/hanke\/#breadcrumb"},"inLanguage":"fi","potentialAction":[{"@type":"ReadAction","target":["https:\/\/gnursesim.eu\/fi\/hanke\/"]}]},{"@type":"BreadcrumbList","@id":"https:\/\/gnursesim.eu\/fi\/hanke\/#breadcrumb","itemListElement":[{"@type":"ListItem","position":1,"name":"Home","item":"https:\/\/gnursesim.eu\/fi\/home-2\/"},{"@type":"ListItem","position":2,"name":"HANKE"}]},{"@type":"WebSite","@id":"https:\/\/gnursesim.eu\/#website","url":"https:\/\/gnursesim.eu\/","name":"GNurseSim","description":"Simulating the Future of Inclusive Geriatric care","potentialAction":[{"@type":"SearchAction","target":{"@type":"EntryPoint","urlTemplate":"https:\/\/gnursesim.eu\/?s={search_term_string}"},"query-input":{"@type":"PropertyValueSpecification","valueRequired":true,"valueName":"search_term_string"}}],"inLanguage":"fi"}]}},"_links":{"self":[{"href":"https:\/\/gnursesim.eu\/fi\/wp-json\/wp\/v2\/pages\/4062","targetHints":{"allow":["GET"]}}],"collection":[{"href":"https:\/\/gnursesim.eu\/fi\/wp-json\/wp\/v2\/pages"}],"about":[{"href":"https:\/\/gnursesim.eu\/fi\/wp-json\/wp\/v2\/types\/page"}],"author":[{"embeddable":true,"href":"https:\/\/gnursesim.eu\/fi\/wp-json\/wp\/v2\/users\/5"}],"replies":[{"embeddable":true,"href":"https:\/\/gnursesim.eu\/fi\/wp-json\/wp\/v2\/comments?post=4062"}],"version-history":[{"count":0,"href":"https:\/\/gnursesim.eu\/fi\/wp-json\/wp\/v2\/pages\/4062\/revisions"}],"wp:attachment":[{"href":"https:\/\/gnursesim.eu\/fi\/wp-json\/wp\/v2\/media?parent=4062"}],"curies":[{"name":"wp","href":"https:\/\/api.w.org\/{rel}","templated":true}]}}