{"id":1560,"date":"2022-09-29T07:29:50","date_gmt":"2022-09-29T07:29:50","guid":{"rendered":"https:\/\/gnursesim.eu\/e-learning-course-in-intercultural-geriatric-nursing\/"},"modified":"2023-04-19T13:11:18","modified_gmt":"2023-04-19T13:11:18","slug":"e-learning-course-in-intercultural-geriatric-nursing","status":"publish","type":"page","link":"https:\/\/gnursesim.eu\/fi\/home-2\/e-learning-course-in-intercultural-geriatric-nursing\/","title":{"rendered":"Kulttuurisensitiivisen gerontologisen hoitoty\u00f6n verkko-opiskelumateriaali"},"content":{"rendered":"<section  class='av_textblock_section av-l6q3sqxn-b9ec3f92da11d681c7699e0cdcc3383c '   itemscope=\"itemscope\" itemtype=\"https:\/\/schema.org\/CreativeWork\" ><div class='avia_textblock'  itemprop=\"text\" ><p>Euroopan v\u00e4est\u00f6rakenne on muuttumassa. Ik\u00e4\u00e4ntyneiden m\u00e4\u00e4r\u00e4n ennustetaan kasvavan huomattavasti l\u00e4hitulevaisuudessa. Sosiaalisilla, v\u00e4est\u00f6rakenteellisilla ja kulttuurisilla ilmi\u00f6ill\u00e4 on suuri vaikutus eri maiden sosiaali- ja terveydenhuollon palveluihin, mink\u00e4 vuoksi terveysalan koulutusta ja osaamista eurooppalaisessa kontekstissa tulisi uudistaa. Opiskelijoilla on oltava mahdollisuus kehitt\u00e4\u00e4 osaamistaan ja hoitaa potilaita kokonaisvaltaisesti, huomioiden paitsi kliininen my\u00f6s sosiaalinen ja kulttuurinen n\u00e4k\u00f6kulma. Ik\u00e4\u00e4ntyneiden potilaiden\/asiakkaiden kulttuuritaustaan liittyvien tekij\u00f6iden, kuten erilaisten etnisten taustojen, sukupuoliroolien, kulttuuristen ominaisuuksien, arvojen, k\u00e4yt\u00e4nt\u00f6jen, el\u00e4m\u00e4ntapojen ja uskonnollisten vakaumusten, huomioon ottaminen on ratkaisevan t\u00e4rke\u00e4\u00e4 opiskelijoiden ammatilliselle ja urakehitykselle sek\u00e4 liikkuvuudelle Euroopan unionissa.<\/p>\n<p><strong>GNurseSIM<\/strong>-hankkeessa kehitettyjen simulaatioiden avulla eri maista ja kulttuuritaustoista tulevat opiskelijat voivat oppia sek\u00e4 hoitoty\u00f6n auttamismenetelmi\u00e4 ett\u00e4 kulttuurisensitiivist\u00e4 hoitoty\u00f6t\u00e4. Simulaatiot mahdollistavat sen, ett\u00e4 opiskelijat p\u00e4\u00e4sev\u00e4t kokemaan todellisia monikulttuurisia tilanteita silloinkin, kun kansainv\u00e4linen liikkuvuus ei ole mahdollista, esimerkiksi koetun Covid-pandemian tai poliittisten konfliktien vuoksi.<\/p>\n<p>T\u00e4ss\u00e4 hankkeessa on tuotettu useita simulaatioskenaarioita, joista on hy\u00f6ty\u00e4 gerontologisen hoitoty\u00f6n opetuksessa. Simulaatio on tehokas opetusmenetelm\u00e4 hoitoty\u00f6n koulutuksessa opiskelijan kulttuurisen osaamisen kehitt\u00e4misess\u00e4.<\/p>\n<p><strong>Simulaatio on tehokas opetusmenetelm\u00e4 hoitoty\u00f6n koulutuksessa opiskelijan kulttuurisen osaamisen kehitt\u00e4misess\u00e4.<\/strong><\/p>\n<p>Tavoitteena on <strong>ett\u00e4 sairaanhoitajaopiskelijat oppivat toteuttamaan kulttuurisensitiivist\u00e4 gerontologista hoitoty\u00f6t\u00e4 huomioiden i\u00e4kk\u00e4iden ihmisten kulttuurisen moninaisuuden, kuten etnisyyden, kielen, sosioekonomisen aseman, uskonnon, sukupuolen, seksuaalisen suuntautumisen, maahanmuuttotaustan ja el\u00e4m\u00e4ntyylin.<\/strong> Hanke vahvistaa sairaanhoitajaopiskelijoiden kulttuurikompetenssia eli tietoja, taitoja ja min\u00e4pystyvyyden kokemusta sek\u00e4 k\u00e4sityst\u00e4 eri kulttuurien yht\u00e4l\u00e4isyyksist\u00e4 ja eroavaisuuksista.<\/p>\n<\/div><\/section>\n<div  class='avia-slideshow av-l74cd1sj-91cbd9e5bd9634b199bb702396e7bdf5 avia-slideshow-featured av_slideshow avia-slide-slider  avia-builder-el-1  el_after_av_textblock  el_before_av_hr  av-slideshow-ui av-control-default av-slideshow-manual av-loop-once av-loop-manual-endless av-default-height-applied avia-slideshow-1' data-slideshow-options=\"{&quot;animation&quot;:&quot;slide&quot;,&quot;autoplay&quot;:false,&quot;loop_autoplay&quot;:&quot;once&quot;,&quot;interval&quot;:5,&quot;loop_manual&quot;:&quot;manual-endless&quot;,&quot;autoplay_stopper&quot;:false,&quot;noNavigation&quot;:false,&quot;bg_slider&quot;:false,&quot;keep_padding&quot;:false,&quot;hoverpause&quot;:false,&quot;show_slide_delay&quot;:0}\"  itemprop=\"image\" itemscope=\"itemscope\" itemtype=\"https:\/\/schema.org\/ImageObject\" ><ul class='avia-slideshow-inner ' style='padding-bottom: 28.666666666667%;'><li  class='avia-slideshow-slide av-l74cd1sj-91cbd9e5bd9634b199bb702396e7bdf5__0  av-single-slide slide-1 slide-odd'><div data-rel='slideshow-1' class='avia-slide-wrap '   ><img fetchpriority=\"high\" fetchpriority=\"high\" decoding=\"async\" fetchpriority=\"high\" class=\"wp-image-1179 avia-img-lazy-loading-not-1179\"  src=\"https:\/\/gnursesim.eu\/wp-content\/uploads\/sites\/42\/2022\/08\/GnurseSIM-banner-1500x430.jpg\" width=\"1500\" height=\"430\" title='GnurseSIM-banner' alt=''  itemprop=\"thumbnailUrl\"   \/><\/div><\/li><\/ul><\/div>\n<div  class='hr av-ekbyd-108ac30422292330fffccb4af48b929d hr-default  avia-builder-el-2  el_after_av_slideshow  el_before_av_content_slider '><span class='hr-inner '><span class=\"hr-inner-style\"><\/span><\/span><\/div>\n\n<style type=\"text\/css\" data-created_by=\"avia_inline_auto\" id=\"style-css-av-l6q2w148-8269b69a37478ada739d4bf8132ff6bc\">\n#top .av-slideshow-ui.av-l6q2w148-8269b69a37478ada739d4bf8132ff6bc .avia-slideshow-arrows a{\ncolor:#5f8789;\n}\n.avia-content-slider-element-container.av-l6q2w148-8269b69a37478ada739d4bf8132ff6bc .slide-entry{\nbox-shadow: 0px 0px 0px 0px #dbdbdb;\nmargin:10px 10px 10px 10px;\npadding:0 0 0 0;\n}\n<\/style>\n<div  class='avia-content-slider-element-container av-l6q2w148-8269b69a37478ada739d4bf8132ff6bc avia-content-slider-element-slider avia-content-slider avia-smallarrow-slider avia-content-slider-active avia-content-slider-odd  avia-builder-el-3  el_after_av_hr  el_before_av_hr  av-slideshow-ui av-control-default av-nav-arrows-visible av-nav-dots-visible av-no-slider-navigation av-slideshow-manual av-loop-once av-loop-manual-endless avia-content-slider1' data-slideshow-options=\"{&quot;animation&quot;:&quot;slide&quot;,&quot;autoplay&quot;:false,&quot;loop_autoplay&quot;:&quot;once&quot;,&quot;interval&quot;:5,&quot;loop_manual&quot;:&quot;manual-endless&quot;,&quot;autoplay_stopper&quot;:false,&quot;noNavigation&quot;:false,&quot;bg_slider&quot;:false,&quot;keep_padding&quot;:&quot;&quot;,&quot;hoverpause&quot;:false,&quot;show_slide_delay&quot;:30}\"><div class='avia-smallarrow-slider-heading '><div class='new-special-heading'><h3 class=''>SIMULAATIOSKENAARIOT<\/h3><\/div><div class='avia-slideshow-arrows avia-slideshow-controls' ><a href='#prev' class='prev-slide ' aria-hidden='true' data-av_icon='\ue87c' data-av_iconfont='entypo-fontello'  tabindex='-1'>Previous<\/a><a href='#next' class='next-slide ' aria-hidden='true' data-av_icon='\ue87d' data-av_iconfont='entypo-fontello'  tabindex='-1'>Next<\/a><\/div><\/div><div class=\"avia-content-slider-inner\"><div class=\"slide-entry-wrap\"><section class='slide-entry av-l6q2vc2k-3caa721b93c4e0e6fb56ad8afe21c17d flex_column av_one_third post-entry slide-entry-overview slide-loop-1 slide-parity-odd  first'  itemscope=\"itemscope\" itemtype=\"https:\/\/schema.org\/CreativeWork\" ><h3 class='slide-entry-title entry-title '  itemprop=\"headline\" >Suomi<\/h3><div class='slide-entry-excerpt entry-content'  itemprop=\"text\" ><ul>\n<li><a href=\"https:\/\/gnursesim.eu\/fi\/home-2\/e-learning-course-in-intercultural-geriatric-nursing\/1_ennakoiva-kotikaynti-muistisairauden-oireet\/\">No. 1 Ennakoiva kotik\u00e4ynti ja i\u00e4kk\u00e4\u00e4n kognitiivisen toimintakyvyn arviointi<\/a><\/li>\n<li><a href=\"https:\/\/gnursesim.eu\/fi\/home-2\/e-learning-course-in-intercultural-geriatric-nursing\/2_iakkaan-selviytyminen-muuttuvassa-elamantilanteessa-yksinaisyys\/\">No. 2 L\u00e4kk\u00e4\u00e4n selviytyminen muuttuvassa el\u00e4m\u00e4ntilanteessa: yksin\u00e4isyys<\/a><\/li>\n<li><a href=\"https:\/\/gnursesim.eu\/fi\/home-2\/e-learning-course-in-intercultural-geriatric-nursing\/3_geronteknologia-ikaantyneiden-turvallisen-asumisen-tukemisessa\/\">No. 3 Geronteknologia ik\u00e4\u00e4ntyneiden turvallisen asumisen tukemisessa<\/a><\/li>\n<li><a href=\"https:\/\/gnursesim.eu\/fi\/home-2\/e-learning-course-in-intercultural-geriatric-nursing\/4_asiakkaan-elamanhistorian-tunteminen-asiakaslahtoisen-hoito-ja-palvelusuunnitelman-laatiminen-palveluasumisessa\/\">No. 4 Asiakkaan el\u00e4m\u00e4nhistorian tunteminen: Asiakasl\u00e4ht\u00f6isen hoito- ja palvelusuunnitelman laatiminen palveluasumisessa<\/a><\/li>\n<li><a href=\"https:\/\/gnursesim.eu\/fi\/home-2\/e-learning-course-in-intercultural-geriatric-nursing\/5_itsemaaraamisen-toteutuminen-hoito-ja-palvelusuunnitelman-toteuttaminen-palveluasumisessa\/\">No. 5 Itsem\u00e4\u00e4r\u00e4\u00e4misen toteutuminen: Hoito- ja palvelusuunnitelman toteuttaminen palveluasumisessa<\/a><\/li>\n<li><a href=\"https:\/\/gnursesim.eu\/fi\/home-2\/e-learning-course-in-intercultural-geriatric-nursing\/16_putoamisen-esto-1\/\">No. 16 Kaatumisriskin arviointi 1<\/a><\/li>\n<li><a href=\"https:\/\/gnursesim.eu\/fi\/home-2\/e-learning-course-in-intercultural-geriatric-nursing\/17_putoamisen-esto-2\/\">No. 17 Kaatumisriskin arviointi 2<\/a><\/li>\n<li><a href=\"https:\/\/gnursesim.eu\/fi\/home-2\/e-learning-course-in-intercultural-geriatric-nursing\/18_kuntoutus-muistihairioissa\/\">No. 18 Muistih\u00e4iri\u00f6iden kuntoutus<\/a><\/li>\n<li><a href=\"https:\/\/gnursesim.eu\/fi\/home-2\/e-learning-course-in-intercultural-geriatric-nursing\/19_ohjeita-jokapaivaiseen-toimintaan\/\">No. 19 Ik\u00e4\u00e4ntyneen p\u00e4ivitt\u00e4isen toimintakyvyn tukeminen<\/a><\/li>\n<li><a href=\"https:\/\/gnursesim.eu\/fi\/home-2\/e-learning-course-in-intercultural-geriatric-nursing\/20_putoamisen-esto-3\/\">No. 20 Kaatumisriskin arviointi 3<\/a><\/li>\n<\/ul>\n<\/div><\/section><section class='slide-entry av-l6q2vi9d-1166609f1017ec923f78eedc68640a96 flex_column av_one_third post-entry slide-entry-overview slide-loop-2 slide-parity-even  '  itemscope=\"itemscope\" itemtype=\"https:\/\/schema.org\/CreativeWork\" ><h3 class='slide-entry-title entry-title '  itemprop=\"headline\" >Yhdistynyt kuningaskunta<\/h3><div class='slide-entry-excerpt entry-content'  itemprop=\"text\" ><ul>\n<li><a href=\"https:\/\/gnursesim.eu\/fi\/home-2\/e-learning-course-in-intercultural-geriatric-nursing\/6_puuttuvat-nakokohdat-hoidossa-1\/\">No. 6 Puuttuvat n\u00e4k\u00f6kohdat hoidossa 1<\/a><\/li>\n<li><a href=\"https:\/\/gnursesim.eu\/fi\/home-2\/e-learning-course-in-intercultural-geriatric-nursing\/7_puuttuvat-nakokohdat-hoidossa-2\/\">No. 7 Puuttuvat n\u00e4k\u00f6kohdat hoidossa 2<\/a><\/li>\n<li><a href=\"https:\/\/gnursesim.eu\/fi\/home-2\/e-learning-course-in-intercultural-geriatric-nursing\/8_puuttuvat-nakokohdat-hoidossa-3\/\">No. 8 Puuttuvat n\u00e4k\u00f6kohdat hoidossa 3<\/a><\/li>\n<li><a href=\"https:\/\/gnursesim.eu\/fi\/home-2\/e-learning-course-in-intercultural-geriatric-nursing\/9_puuttuvat-nakokohdat-hoidossa-4\/\">No. 9 Puuttuvat n\u00e4k\u00f6kohdat hoidossa 4<\/a><\/li>\n<li><a href=\"https:\/\/gnursesim.eu\/fi\/home-2\/e-learning-course-in-intercultural-geriatric-nursing\/10_puuttuvat-nakokohdat-hoidossa-5\/\">No. 10 Puuttuvat n\u00e4k\u00f6kohdat hoidossa 5<\/a><\/li>\n<\/ul>\n<\/div><\/section><section class='slide-entry av-l6q2vsao-d1e086234a1df351df41b635509be62e flex_column av_one_third post-entry slide-entry-overview slide-loop-3 slide-parity-odd  '  itemscope=\"itemscope\" itemtype=\"https:\/\/schema.org\/CreativeWork\" ><h3 class='slide-entry-title entry-title '  itemprop=\"headline\" >Malta<\/h3><div class='slide-entry-excerpt entry-content'  itemprop=\"text\" ><ul>\n<li><a href=\"https:\/\/gnursesim.eu\/fi\/home-2\/e-learning-course-in-intercultural-geriatric-nursing\/11_haavanhoito\/\">No. 11 Haavan hoito<\/a><\/li>\n<li><a href=\"https:\/\/gnursesim.eu\/fi\/home-2\/e-learning-course-in-intercultural-geriatric-nursing\/12_hoitoon-liittyvan-tietoisen-suostumuksen-pyytaminen\/\">No. 12 Hoitoon liittyv\u00e4n tietoisen suostumuksen pyyt\u00e4minen<\/a><\/li>\n<li><a href=\"https:\/\/gnursesim.eu\/fi\/home-2\/e-learning-course-in-intercultural-geriatric-nursing\/13_iakkaiden-potilaiden-hoidon-arviointi-ja-elaman-loppuvaiheen-hoito\/\">No. 13 El\u00e4m\u00e4n loppuvaiheen hoito<\/a><\/li>\n<li><a href=\"https:\/\/gnursesim.eu\/fi\/home-2\/e-learning-course-in-intercultural-geriatric-nursing\/14_muistisairaan-hoidon-tarpeen-arviointi\/\">No. 14 Muistisairaan ihmisen hoidon tarpeen arviointi<\/a><\/li>\n<li><a href=\"https:\/\/gnursesim.eu\/fi\/home-2\/e-learning-course-in-intercultural-geriatric-nursing\/15_aivohalvauspotilaan-hoidon-arvointi\/\">No. 15 Aivohalvauspotilaan hoidon arvointi<\/a><\/li>\n<\/ul>\n<\/div><\/section><\/div><div class=\"slide-entry-wrap\"><section class='slide-entry av-l6q2w088-337ff4e238dd01cee67325a9ca09e93e flex_column av_one_third post-entry slide-entry-overview slide-loop-4 slide-parity-odd  first'  itemscope=\"itemscope\" itemtype=\"https:\/\/schema.org\/CreativeWork\" ><h3 class='slide-entry-title entry-title '  itemprop=\"headline\" >Puola<\/h3><div class='slide-entry-excerpt entry-content'  itemprop=\"text\" ><ul>\n<li><a href=\"https:\/\/gnursesim.eu\/fi\/home-2\/e-learning-course-in-intercultural-geriatric-nursing\/21_kotihoidossa-olevan-ikaantyneen-nestetasapainon-arviointi\/\">No. 21 Kotihoidossa olevan ik\u00e4\u00e4ntyneen nestetasapainon arviointi<\/a><\/li>\n<li><a href=\"https:\/\/gnursesim.eu\/fi\/home-2\/e-learning-course-in-intercultural-geriatric-nursing\/22_kotihoidossa-olevan-potilaan-ravitsemustilan-arviointi\/\">No. 22 Kotihoidossa olevan potilaan ravitsemustilan arviointi<\/a><\/li>\n<li><a href=\"https:\/\/gnursesim.eu\/fi\/home-2\/e-learning-course-in-intercultural-geriatric-nursing\/23_ravitsemusohjauksen-antaminen-nesteytyksen-osalta\/\">No. 23 Ravitsemusohjauksen antaminen nesteytyksen osalta<\/a><\/li>\n<li><a href=\"https:\/\/gnursesim.eu\/fi\/home-2\/e-learning-course-in-intercultural-geriatric-nursing\/24_potilaskeskeisen-ympariston-jarjestaminen-iakkaalle-henkilolle-tehostetussa-palveluasumisessa\/\">No. 24 Potilaskeskeisen ymp\u00e4rist\u00f6n j\u00e4rjest\u00e4minen i\u00e4kk\u00e4\u00e4lle henkil\u00f6lle tehostetussa palveluasumisessa<\/a><\/li>\n<li><a href=\"https:\/\/gnursesim.eu\/fi\/home-2\/e-learning-course-in-intercultural-geriatric-nursing\/25_lahestyvan-kuoleman-merkkien-arviointi-ja-potilaskeskeisen-asiakkaan-kulttuuria-kunnioittavan-elaman-loppuvaiheen-hoidon-toteuttaminen\/\">No. 25 L\u00e4hestyv\u00e4n kuoleman merkkien arviointi ja potilaskeskeisen, asiakkaan kulttuuria kunnioittavan el\u00e4m\u00e4n loppuvaiheen hoidon toteuttaminen<\/a><\/li>\n<\/ul>\n<\/div><\/section><section class='slide-entry av-l6q31gt2-13040dc56bf95adc13d7b9ad4b1baa8e flex_column av_one_third post-entry slide-entry-overview slide-loop-5 slide-parity-even  post-entry-last  '  itemscope=\"itemscope\" itemtype=\"https:\/\/schema.org\/CreativeWork\" ><h3 class='slide-entry-title entry-title '  itemprop=\"headline\" >Espanja<\/h3><div class='slide-entry-excerpt entry-content'  itemprop=\"text\" ><ul>\n<li><a href=\"https:\/\/gnursesim.eu\/fi\/home-2\/e-learning-course-in-intercultural-geriatric-nursing\/26_kognitiiviseen-heikentyman-ja-mielenterveyssairauksiin-liittyvien-merkkien-ja-oireiden-varhainen-havaitseminen-ikaantyneilla\/\">No. 26 Muistisairauden oireiden tunnistaminen<\/a><\/li>\n<li><a href=\"https:\/\/gnursesim.eu\/fi\/home-2\/e-learning-course-in-intercultural-geriatric-nursing\/27_moniammatillinen-yhteistyo-ikaantyneen-turvallisuuden-ja-toimintakyvyn-tukemiseksi\/\">No. 27 Moniammatillinen yhteisty\u00f6 ik\u00e4\u00e4ntyneen turvallisuuden ja toimintakyvyn tukemiseksi<\/a><\/li>\n<li><a href=\"https:\/\/gnursesim.eu\/fi\/home-2\/e-learning-course-in-intercultural-geriatric-nursing\/28_moniammatillinen-yhteistyo-ikaantyneiden-laakehoidossa\/\">No. 28 Moniammatillinen yhteisty\u00f6 ik\u00e4\u00e4ntyneiden l\u00e4\u00e4kehoidossa<\/a><\/li>\n<li><a href=\"https:\/\/gnursesim.eu\/fi\/home-2\/e-learning-course-in-intercultural-geriatric-nursing\/29_ikaantyneen-myortuntoinen-hoito\/\">No. 29 Ik\u00e4\u00e4ntyneen my\u00f6t\u00e4tuntoinen hoito <\/a><\/li>\n<li><a href=\"https:\/\/gnursesim.eu\/fi\/home-2\/e-learning-course-in-intercultural-geriatric-nursing\/30_moniammatillinen-yhteistyo-ikaantyneiden-turvallisuuden-ja-toimintakyvyn-edistamiseksi\/\">No. 30 Moniammatillinen yhteisty\u00f6 ik\u00e4\u00e4ntyneiden turvallisuuden ja toimintakyvyn edist\u00e4miseksi<\/a><\/li>\n<\/ul>\n<\/div><\/section><\/div><\/div><\/div>\n<div  class='hr av-bcc11-192eaa93a3abcd9e8f9cb87e8611ac82 hr-default  avia-builder-el-4  el_after_av_content_slider  el_before_av_icon_box '><span class='hr-inner '><span class=\"hr-inner-style\"><\/span><\/span><\/div>\n<article  class='iconbox iconbox_left av-l6q3zbpz-71f0a76eb4a4573d62cce686e9b269e2  avia-builder-el-5  el_after_av_hr  avia-builder-el-last '  itemscope=\"itemscope\" itemtype=\"https:\/\/schema.org\/CreativeWork\" ><div class=\"iconbox_content\"><header class=\"entry-content-header\" aria-label=\"Icon: Lis\u00e4\u00e4 resursseja\"><div class=\"iconbox_icon heading-color\" aria-hidden='true' data-av_icon='\ue817' data-av_iconfont='entypo-fontello'><\/div><h3 class='iconbox_content_title '  itemprop=\"headline\" >Lis\u00e4\u00e4 resursseja<\/h3><\/header><div class='iconbox_content_container '  itemprop=\"text\" ><ul>\n<li><a href=\"http:\/\/europeantransculturalnurses.eu\/\">European Transcultural Nurses Association<\/a><\/li>\n<li><a href=\"https:\/\/tcns.org\/\">Transcultural Nursing Society<\/a><\/li>\n<li><a href=\"https:\/\/nccc.georgetown.edu\/curricula\/culturalcompetence.html\">National Center for Cultural Competence at Georgetown University<\/a><\/li>\n<li>Purnell Model: Purnell, L. D. (2014). Guide to culturally competent health care. FA Davis.<\/li>\n<li>European Commission funded project <a href=\"https:\/\/benefits.hku.edu.tr\/\">BENEFITS<\/a><\/li>\n<li>Pacquiao, D., &amp; Purnell, L. (Eds.). (2018). Global applications of culturally competent health care: guidelines for practice. Springer International Publishing.<\/li>\n<\/ul>\n<\/div><\/div><footer class=\"entry-footer\"><\/footer><\/article>\n","protected":false},"excerpt":{"rendered":"","protected":false},"author":1687,"featured_media":0,"parent":3901,"menu_order":0,"comment_status":"closed","ping_status":"closed","template":"","meta":{"footnotes":""},"class_list":["post-1560","page","type-page","status-publish","hentry"],"yoast_head":"<!-- This site is optimized with the Yoast SEO plugin v27.5 - https:\/\/yoast.com\/product\/yoast-seo-wordpress\/ -->\n<title>Kulttuurisensitiivisen gerontologisen hoitoty\u00f6n verkko-opiskelumateriaali - GNurseSim<\/title>\n<meta name=\"robots\" content=\"index, follow, max-snippet:-1, max-image-preview:large, max-video-preview:-1\" \/>\n<link rel=\"canonical\" href=\"https:\/\/gnursesim.eu\/fi\/home-2\/e-learning-course-in-intercultural-geriatric-nursing\/\" \/>\n<meta property=\"og:locale\" content=\"fi_FI\" \/>\n<meta property=\"og:type\" content=\"article\" \/>\n<meta property=\"og:title\" content=\"Kulttuurisensitiivisen gerontologisen hoitoty\u00f6n verkko-opiskelumateriaali - GNurseSim\" \/>\n<meta property=\"og:url\" content=\"https:\/\/gnursesim.eu\/fi\/home-2\/e-learning-course-in-intercultural-geriatric-nursing\/\" \/>\n<meta property=\"og:site_name\" content=\"GNurseSim\" \/>\n<meta property=\"article:publisher\" content=\"https:\/\/www.facebook.com\/knowledgeinno\/\" \/>\n<meta property=\"article:modified_time\" content=\"2023-04-19T13:11:18+00:00\" \/>\n<meta name=\"twitter:card\" content=\"summary_large_image\" \/>\n<meta name=\"twitter:site\" content=\"@kiceurope\" \/>\n<meta name=\"twitter:label1\" content=\"Arvioitu lukuaika\" \/>\n\t<meta name=\"twitter:data1\" content=\"6 minuuttia\" \/>\n<script type=\"application\/ld+json\" class=\"yoast-schema-graph\">{\"@context\":\"https:\\\/\\\/schema.org\",\"@graph\":[{\"@type\":\"WebPage\",\"@id\":\"https:\\\/\\\/gnursesim.eu\\\/fi\\\/home-2\\\/e-learning-course-in-intercultural-geriatric-nursing\\\/\",\"url\":\"https:\\\/\\\/gnursesim.eu\\\/fi\\\/home-2\\\/e-learning-course-in-intercultural-geriatric-nursing\\\/\",\"name\":\"Kulttuurisensitiivisen gerontologisen hoitoty\u00f6n verkko-opiskelumateriaali - GNurseSim\",\"isPartOf\":{\"@id\":\"https:\\\/\\\/gnursesim.eu\\\/#website\"},\"datePublished\":\"2022-09-29T07:29:50+00:00\",\"dateModified\":\"2023-04-19T13:11:18+00:00\",\"breadcrumb\":{\"@id\":\"https:\\\/\\\/gnursesim.eu\\\/fi\\\/home-2\\\/e-learning-course-in-intercultural-geriatric-nursing\\\/#breadcrumb\"},\"inLanguage\":\"fi\",\"potentialAction\":[{\"@type\":\"ReadAction\",\"target\":[\"https:\\\/\\\/gnursesim.eu\\\/fi\\\/home-2\\\/e-learning-course-in-intercultural-geriatric-nursing\\\/\"]}]},{\"@type\":\"BreadcrumbList\",\"@id\":\"https:\\\/\\\/gnursesim.eu\\\/fi\\\/home-2\\\/e-learning-course-in-intercultural-geriatric-nursing\\\/#breadcrumb\",\"itemListElement\":[{\"@type\":\"ListItem\",\"position\":1,\"name\":\"Home\",\"item\":\"https:\\\/\\\/gnursesim.eu\\\/fi\\\/home-2\\\/\"},{\"@type\":\"ListItem\",\"position\":2,\"name\":\"Home\",\"item\":\"https:\\\/\\\/gnursesim.eu\\\/fi\\\/home-2\\\/\"},{\"@type\":\"ListItem\",\"position\":3,\"name\":\"Kulttuurisensitiivisen gerontologisen hoitoty\u00f6n verkko-opiskelumateriaali\"}]},{\"@type\":\"WebSite\",\"@id\":\"https:\\\/\\\/gnursesim.eu\\\/#website\",\"url\":\"https:\\\/\\\/gnursesim.eu\\\/\",\"name\":\"GNurseSim\",\"description\":\"Simulating the Future of Inclusive Geriatric care\",\"potentialAction\":[{\"@type\":\"SearchAction\",\"target\":{\"@type\":\"EntryPoint\",\"urlTemplate\":\"https:\\\/\\\/gnursesim.eu\\\/?s={search_term_string}\"},\"query-input\":{\"@type\":\"PropertyValueSpecification\",\"valueRequired\":true,\"valueName\":\"search_term_string\"}}],\"inLanguage\":\"fi\"}]}<\/script>\n<!-- \/ Yoast SEO plugin. -->","yoast_head_json":{"title":"Kulttuurisensitiivisen gerontologisen hoitoty\u00f6n verkko-opiskelumateriaali - GNurseSim","robots":{"index":"index","follow":"follow","max-snippet":"max-snippet:-1","max-image-preview":"max-image-preview:large","max-video-preview":"max-video-preview:-1"},"canonical":"https:\/\/gnursesim.eu\/fi\/home-2\/e-learning-course-in-intercultural-geriatric-nursing\/","og_locale":"fi_FI","og_type":"article","og_title":"Kulttuurisensitiivisen gerontologisen hoitoty\u00f6n verkko-opiskelumateriaali - GNurseSim","og_url":"https:\/\/gnursesim.eu\/fi\/home-2\/e-learning-course-in-intercultural-geriatric-nursing\/","og_site_name":"GNurseSim","article_publisher":"https:\/\/www.facebook.com\/knowledgeinno\/","article_modified_time":"2023-04-19T13:11:18+00:00","twitter_card":"summary_large_image","twitter_site":"@kiceurope","twitter_misc":{"Arvioitu lukuaika":"6 minuuttia"},"schema":{"@context":"https:\/\/schema.org","@graph":[{"@type":"WebPage","@id":"https:\/\/gnursesim.eu\/fi\/home-2\/e-learning-course-in-intercultural-geriatric-nursing\/","url":"https:\/\/gnursesim.eu\/fi\/home-2\/e-learning-course-in-intercultural-geriatric-nursing\/","name":"Kulttuurisensitiivisen gerontologisen hoitoty\u00f6n verkko-opiskelumateriaali - GNurseSim","isPartOf":{"@id":"https:\/\/gnursesim.eu\/#website"},"datePublished":"2022-09-29T07:29:50+00:00","dateModified":"2023-04-19T13:11:18+00:00","breadcrumb":{"@id":"https:\/\/gnursesim.eu\/fi\/home-2\/e-learning-course-in-intercultural-geriatric-nursing\/#breadcrumb"},"inLanguage":"fi","potentialAction":[{"@type":"ReadAction","target":["https:\/\/gnursesim.eu\/fi\/home-2\/e-learning-course-in-intercultural-geriatric-nursing\/"]}]},{"@type":"BreadcrumbList","@id":"https:\/\/gnursesim.eu\/fi\/home-2\/e-learning-course-in-intercultural-geriatric-nursing\/#breadcrumb","itemListElement":[{"@type":"ListItem","position":1,"name":"Home","item":"https:\/\/gnursesim.eu\/fi\/home-2\/"},{"@type":"ListItem","position":2,"name":"Home","item":"https:\/\/gnursesim.eu\/fi\/home-2\/"},{"@type":"ListItem","position":3,"name":"Kulttuurisensitiivisen gerontologisen hoitoty\u00f6n verkko-opiskelumateriaali"}]},{"@type":"WebSite","@id":"https:\/\/gnursesim.eu\/#website","url":"https:\/\/gnursesim.eu\/","name":"GNurseSim","description":"Simulating the Future of Inclusive Geriatric care","potentialAction":[{"@type":"SearchAction","target":{"@type":"EntryPoint","urlTemplate":"https:\/\/gnursesim.eu\/?s={search_term_string}"},"query-input":{"@type":"PropertyValueSpecification","valueRequired":true,"valueName":"search_term_string"}}],"inLanguage":"fi"}]}},"_links":{"self":[{"href":"https:\/\/gnursesim.eu\/fi\/wp-json\/wp\/v2\/pages\/1560","targetHints":{"allow":["GET"]}}],"collection":[{"href":"https:\/\/gnursesim.eu\/fi\/wp-json\/wp\/v2\/pages"}],"about":[{"href":"https:\/\/gnursesim.eu\/fi\/wp-json\/wp\/v2\/types\/page"}],"author":[{"embeddable":true,"href":"https:\/\/gnursesim.eu\/fi\/wp-json\/wp\/v2\/users\/1687"}],"replies":[{"embeddable":true,"href":"https:\/\/gnursesim.eu\/fi\/wp-json\/wp\/v2\/comments?post=1560"}],"version-history":[{"count":0,"href":"https:\/\/gnursesim.eu\/fi\/wp-json\/wp\/v2\/pages\/1560\/revisions"}],"up":[{"embeddable":true,"href":"https:\/\/gnursesim.eu\/fi\/wp-json\/wp\/v2\/pages\/3901"}],"wp:attachment":[{"href":"https:\/\/gnursesim.eu\/fi\/wp-json\/wp\/v2\/media?parent=1560"}],"curies":[{"name":"wp","href":"https:\/\/api.w.org\/{rel}","templated":true}]}}